{"id":60,"date":"2018-05-16T08:20:52","date_gmt":"2018-05-16T08:20:52","guid":{"rendered":"http:\/\/lotuszbaba.com\/?page_id=60"},"modified":"2022-07-05T18:37:57","modified_gmt":"2022-07-05T18:37:57","slug":"rolam","status":"publish","type":"page","link":"https:\/\/lotuszbaba.com\/index.php\/rolam\/","title":{"rendered":"R\u00f3lam"},"content":{"rendered":"<p style=\"text-align: justify;\"><span style=\"font-family: arial, helvetica, sans-serif; color: #a35f50;\"><img loading=\"lazy\" class=\"alignleft wp-image-107\" src=\"https:\/\/lotuszbaba.com\/wp-content\/uploads\/2018\/05\/v-0279f-200x300.jpg\" alt=\"\" width=\"254\" height=\"382\" srcset=\"https:\/\/lotuszbaba.com\/wp-content\/uploads\/2018\/05\/v-0279f-200x300.jpg 200w, https:\/\/lotuszbaba.com\/wp-content\/uploads\/2018\/05\/v-0279f-768x1152.jpg 768w, https:\/\/lotuszbaba.com\/wp-content\/uploads\/2018\/05\/v-0279f-682x1024.jpg 682w, https:\/\/lotuszbaba.com\/wp-content\/uploads\/2018\/05\/v-0279f.jpg 1333w\" sizes=\"(max-width: 254px) 100vw, 254px\" \/><\/span><\/p>\n<p><!--more--><\/p>\n<p style=\"text-align: justify;\"><span style=\"font-family: arial, helvetica, sans-serif; color: #a35f50;\">Azon szerencs\u00e9s emberek k\u00f6z\u00e9 tartozom, akik elmondhatj\u00e1k magukr\u00f3l, a hivat\u00e1suk a szenved\u00e9ly\u00fck.<\/span><\/p>\n<p style=\"text-align: justify;\"><span style=\"color: #a35f50; font-family: arial, helvetica, sans-serif;\">S\u00fcdi Vikt\u00f3ria vagyok, Budapesten sz\u00fclettem. Eredetileg Kommunik\u00e1ci\u00f3, illetve Magyar Nyelv \u00e9s Irodalom szakon v\u00e9geztem, \u00e9s a m\u00e9dia k\u00fcl\u00f6nb\u00f6z\u0151 ter\u00fcletein dolgoztam.<\/span><\/p>\n<p style=\"text-align: justify;\"><span style=\"color: #a35f50; font-family: arial, helvetica, sans-serif;\">2007 \u0151sz\u00e9n, nyelvtanul\u00e1s \u00e9s tapasztalatszerz\u00e9s c\u00e9lj\u00e1b\u00f3l k\u00fclf\u00f6ldre k\u00f6lt\u00f6ztem, ami olyan nagy hat\u00e1ssal volt r\u00e1m, hogy v\u00e9g\u00fcl 11 \u00e9vet t\u00f6lt\u00f6ttem az Egyes\u00fclt Kir\u00e1lys\u00e1gban. Ez id\u0151 alatt rengeteget tanultam m\u00e1s kult\u00far\u00e1kr\u00f3l, az emberi kapcsolatokr\u00f3l \u00e9s nem utols\u00f3 sorban saj\u00e1t magamr\u00f3l is.<\/span><\/p>\n<p style=\"text-align: justify;\"><span style=\"color: #a35f50; font-family: arial, helvetica, sans-serif;\">2012 \u00f3ta foglalkozom sz\u00fcl\u00e9szettel, aminek minden perc\u00e9t megtiszteltet\u00e9sk\u00e9nt \u00e9lem meg. Szakmai tapasztalataim t\u00falnyom\u00f3 t\u00f6bbs\u00e9g\u00e9t k\u00fclf\u00f6ld\u00f6n szereztem, \u00edgy a v\u00e1rand\u00f3ss\u00e1gr\u00f3l, sz\u00fcl\u00e9sr\u0151l, illetve sz\u00fclet\u00e9sr\u0151l alkotott felfog\u00e1som, \u00e9s ahhoz val\u00f3 hozz\u00e1\u00e1ll\u00e1som elt\u00e9r a haz\u00e1nkban megszokott n\u00e9zetekt\u0151l.<\/span><\/p>\n<p style=\"text-align: justify;\"><span style=\"color: #a35f50; font-family: arial, helvetica, sans-serif;\">Sz\u00e1momra a v\u00e1rand\u00f3ss\u00e1g, illetve sz\u00fcl\u00e9s alatti eg\u00e9szs\u00e9g\u00fcgyi ell\u00e1t\u00e1s k\u00f6z\u00e9ppontj\u00e1ban a N\u0151 \u00e1ll, ami minden esetben szem\u00e9lyre szabott, a Kismama sz\u00fcks\u00e9gletei, ig\u00e9nyei alapj\u00e1n. Fontosnak tartom, hogy minden kliensem holisztikus ell\u00e1t\u00e1sban r\u00e9szes\u00fclj\u00f6n, ami mag\u00e1ba foglalja a N\u0151k fizikai, ment\u00e1lis \u00e9s emocion\u00e1lis \u00e9rdekk\u00e9pviselet\u00e9t is.<\/span><\/p>\n<p style=\"text-align: justify;\"><span style=\"color: #a35f50; font-family: arial, helvetica, sans-serif;\">K\u00e9pz\u00e9seim, tr\u00e9ningjeim c\u00e9lja a Kismam\u00e1k teljes k\u00f6r\u0171 t\u00e1j\u00e9koztat\u00e1sa a v\u00e1rand\u00f3ss\u00e1g, sz\u00fcl\u00e9s, tov\u00e1bb\u00e1 csecsem\u0151gondoz\u00e1s t\u00e9mak\u00f6r\u00e9ben. Tapasztalatb\u00f3l tudom, hogy a megfelel\u0151 tud\u00e1s birtok\u00e1ban, klienseim k\u00e9pesek lesznek megalapozott, inform\u00e1lt d\u00f6nt\u00e9sek meghoz\u00e1s\u00e1ra eg\u00e9szs\u00e9g\u00fcgyi ell\u00e1t\u00e1sukkal kapcsolatban, aminek k\u00f6vetkezt\u00e9ben, bab\u00e1jukkal a karjukban, pozit\u00edvabb sz\u00fcl\u00e9s\u00e9lm\u00e9nnyel t\u00e1voznak az \u00e1ltaluk v\u00e1lasztott int\u00e9zm\u00e9nyb\u0151l.<\/span><\/p>\n<p style=\"text-align: justify;\"><span style=\"color: #a35f50; font-family: arial, helvetica, sans-serif;\">Fontosnak tartom tov\u00e1bb\u00e1, hogy a Kismam\u00e1kat a legfrissebb kutat\u00e1sokon alapul\u00f3 inform\u00e1ci\u00f3kkal l\u00e1ssam el, ez\u00e9rt rendszeresen r\u00e9szt veszek k\u00fclf\u00f6ldi konferenci\u00e1kon, k\u00e9pz\u00e9seken. Szolg\u00e1ltat\u00e1saim \u00edgy mindig naprak\u00e9szek \u00e9s nem utols\u00f3 sorban, nemzetk\u00f6zi sz\u00ednvonal\u00faak.<\/span><\/p>\n<div style=\"overflow: hidden; height: 1px;\">\n<a href=\"https:\/\/www.replicasrelojes.io\/categoria\/bellross\/\">bell ross replicas<\/a><br \/>\n<a href=\"https:\/\/www.replicabest.is\/cate\/rolex\/\">rolex replica watches<\/a><br \/>\n<a href=\"https:\/\/www.orologioreplicadilusso.com\/cate\/breitling\/\">breitling replica<\/a><br \/>\n<a href=\"https:\/\/www.replicareloj.is\/\">replicas relojes<\/a><\/p>\n<\/div>\n<p>&nbsp;<\/p>\n<p style=\"text-align: center;\"><span style=\"font-size: 14pt; color: #a35f50; font-family: Kavivanar;\">\u201eA legcsod\u00e1latosabb dolog a vil\u00e1gon Any\u00e1v\u00e1 v\u00e1lni; a m\u00e1sodik pedig Sz\u00fcl\u00e9szn\u0151nek lenni.\u201d (Norv\u00e9g mond\u00e1s)<\/span><\/p>\n","protected":false},"excerpt":{"rendered":"","protected":false},"author":1,"featured_media":320,"parent":0,"menu_order":1,"comment_status":"closed","ping_status":"closed","template":"","meta":[],"_links":{"self":[{"href":"https:\/\/lotuszbaba.com\/index.php\/wp-json\/wp\/v2\/pages\/60"}],"collection":[{"href":"https:\/\/lotuszbaba.com\/index.php\/wp-json\/wp\/v2\/pages"}],"about":[{"href":"https:\/\/lotuszbaba.com\/index.php\/wp-json\/wp\/v2\/types\/page"}],"author":[{"embeddable":true,"href":"https:\/\/lotuszbaba.com\/index.php\/wp-json\/wp\/v2\/users\/1"}],"replies":[{"embeddable":true,"href":"https:\/\/lotuszbaba.com\/index.php\/wp-json\/wp\/v2\/comments?post=60"}],"version-history":[{"count":40,"href":"https:\/\/lotuszbaba.com\/index.php\/wp-json\/wp\/v2\/pages\/60\/revisions"}],"predecessor-version":[{"id":298,"href":"https:\/\/lotuszbaba.com\/index.php\/wp-json\/wp\/v2\/pages\/60\/revisions\/298"}],"wp:featuredmedia":[{"embeddable":true,"href":"https:\/\/lotuszbaba.com\/index.php\/wp-json\/wp\/v2\/media\/320"}],"wp:attachment":[{"href":"https:\/\/lotuszbaba.com\/index.php\/wp-json\/wp\/v2\/media?parent=60"}],"curies":[{"name":"wp","href":"https:\/\/api.w.org\/{rel}","templated":true}]}}