{"id":66,"date":"2018-05-16T08:22:09","date_gmt":"2018-05-16T08:22:09","guid":{"rendered":"http:\/\/lotuszbaba.com\/?page_id=66"},"modified":"2022-07-06T15:14:59","modified_gmt":"2022-07-06T15:14:59","slug":"hasznos-informaciok","status":"publish","type":"page","link":"https:\/\/lotuszbaba.com\/index.php\/hasznos-informaciok\/","title":{"rendered":"Hasznos Inform\u00e1ci\u00f3k"},"content":{"rendered":"\n<div class=\"wp-block-file\"><a id=\"wp-block-file--media-8c28f95e-1667-4d4d-a1f9-7ab0eb7a68c7\" href=\"https:\/\/lotuszbaba.com\/wp-content\/uploads\/2022\/07\/Adatkezelesi-tajekoztato-2022-07-01.pdf\">Adatkezelesi-tajekoztato-2022-07-01<\/a><a href=\"https:\/\/lotuszbaba.com\/wp-content\/uploads\/2022\/07\/Adatkezelesi-tajekoztato-2022-07-01.pdf\" class=\"wp-block-file__button\" download aria-describedby=\"wp-block-file--media-8c28f95e-1667-4d4d-a1f9-7ab0eb7a68c7\">Download<\/a><\/div>\n\n\n\n<div class=\"wp-block-file\"><a id=\"wp-block-file--media-cb1b4011-94e0-44cb-9fa8-14d422174832\" href=\"https:\/\/lotuszbaba.com\/wp-content\/uploads\/2022\/07\/Adatkezelesi-nyilvantartas-2022-07-01-1.pdf\">Adatkezelesi-nyilvantartas-2022-07-01-1<\/a><a href=\"https:\/\/lotuszbaba.com\/wp-content\/uploads\/2022\/07\/Adatkezelesi-nyilvantartas-2022-07-01-1.pdf\" class=\"wp-block-file__button\" download aria-describedby=\"wp-block-file--media-cb1b4011-94e0-44cb-9fa8-14d422174832\">Download<\/a><\/div>\n\n\n\n<div class=\"wp-block-file\"><a id=\"wp-block-file--media-7b9b2c94-7781-420c-bcdd-ea744ed38545\" href=\"https:\/\/lotuszbaba.com\/wp-content\/uploads\/2022\/07\/Altalanos-Szerzodesi-Feltetelek-2022-07-01.pdf\">Altalanos-Szerzodesi-Feltetelek-2022-07-01<\/a><a href=\"https:\/\/lotuszbaba.com\/wp-content\/uploads\/2022\/07\/Altalanos-Szerzodesi-Feltetelek-2022-07-01.pdf\" class=\"wp-block-file__button\" download aria-describedby=\"wp-block-file--media-7b9b2c94-7781-420c-bcdd-ea744ed38545\">Download<\/a><\/div>\n\n\n\n<p><\/p>\n\n\n\n<p class=\"has-text-align-center has-small-font-size\">Az oldalakon megjelen\u0151 sz\u00f6vegek, inform\u00e1ci\u00f3k a szerz\u0151i jogr\u00f3l sz\u00f3l\u00f3 1999. \u00e9vi LXXVI. t\u00f6rv\u00e9ny \u00e9rtelm\u00e9ben S\u00fcdi Vikt\u00f3ria szellemi tulajdon\u00e1t k\u00e9pezik. Azok \u00e1tv\u00e9tele, ut\u00e1nk\u00f6zl\u00e9se csak a szerz\u0151 enged\u00e9ly\u00e9vel \u00e9s a forr\u00e1s felt\u00fcntet\u00e9s\u00e9vel lehets\u00e9ges. A tr\u00e9ningek, workshop-ok anyag\u00e1nak m\u00e1sf\u00e9le felhaszn\u00e1l\u00e1sa kiz\u00e1r\u00f3lag jogd\u00edj ellen\u00e9ben lehets\u00e9ges.<\/p>\n\n\n\n<p class=\"has-text-align-center has-small-font-size\">Az oldalon, illetve k\u00f6z\u00f6ss\u00e9g m\u00e9di\u00e1n megjelen\u0151 tartalmak nem min\u0151s\u00fclnek orvosi \u00e1ll\u00e1sfoglal\u00e1snak, gy\u00f3gym\u00f3dnak. Ilyen jelleg\u0171 k\u00e9rd\u00e9ssel, panasszal, k\u00e9rlek keresd fel orvosod!<\/p>\n\n\n\n<p class=\"has-small-font-size\"><\/p>\n\n\n\n<p><\/p>\n","protected":false},"excerpt":{"rendered":"<p>Az oldalakon megjelen\u0151 sz\u00f6vegek, inform\u00e1ci\u00f3k a szerz\u0151i jogr\u00f3l sz\u00f3l\u00f3 1999. \u00e9vi LXXVI. t\u00f6rv\u00e9ny \u00e9rtelm\u00e9ben S\u00fcdi Vikt\u00f3ria szellemi tulajdon\u00e1t k\u00e9pezik. Azok \u00e1tv\u00e9tele, ut\u00e1nk\u00f6zl\u00e9se csak a szerz\u0151 enged\u00e9ly\u00e9vel \u00e9s a forr\u00e1s felt\u00fcntet\u00e9s\u00e9vel lehets\u00e9ges. A tr\u00e9ningek, workshop-ok anyag\u00e1nak m\u00e1sf\u00e9le felhaszn\u00e1l\u00e1sa kiz\u00e1r\u00f3lag jogd\u00edj ellen\u00e9ben lehets\u00e9ges. Az oldalon, illetve k\u00f6z\u00f6ss\u00e9g m\u00e9di\u00e1n megjelen\u0151 tartalmak nem min\u0151s\u00fclnek orvosi \u00e1ll\u00e1sfoglal\u00e1snak, gy\u00f3gym\u00f3dnak. Ilyen jelleg\u0171&hellip; <a href=\"https:\/\/lotuszbaba.com\/index.php\/hasznos-informaciok\/\" class=\"more-link\">Continue reading <span class=\"screen-reader-text\">Hasznos Inform\u00e1ci\u00f3k<\/span><\/a><\/p>\n","protected":false},"author":1,"featured_media":293,"parent":0,"menu_order":5,"comment_status":"closed","ping_status":"closed","template":"","meta":[],"_links":{"self":[{"href":"https:\/\/lotuszbaba.com\/index.php\/wp-json\/wp\/v2\/pages\/66"}],"collection":[{"href":"https:\/\/lotuszbaba.com\/index.php\/wp-json\/wp\/v2\/pages"}],"about":[{"href":"https:\/\/lotuszbaba.com\/index.php\/wp-json\/wp\/v2\/types\/page"}],"author":[{"embeddable":true,"href":"https:\/\/lotuszbaba.com\/index.php\/wp-json\/wp\/v2\/users\/1"}],"replies":[{"embeddable":true,"href":"https:\/\/lotuszbaba.com\/index.php\/wp-json\/wp\/v2\/comments?post=66"}],"version-history":[{"count":26,"href":"https:\/\/lotuszbaba.com\/index.php\/wp-json\/wp\/v2\/pages\/66\/revisions"}],"predecessor-version":[{"id":418,"href":"https:\/\/lotuszbaba.com\/index.php\/wp-json\/wp\/v2\/pages\/66\/revisions\/418"}],"wp:featuredmedia":[{"embeddable":true,"href":"https:\/\/lotuszbaba.com\/index.php\/wp-json\/wp\/v2\/media\/293"}],"wp:attachment":[{"href":"https:\/\/lotuszbaba.com\/index.php\/wp-json\/wp\/v2\/media?parent=66"}],"curies":[{"name":"wp","href":"https:\/\/api.w.org\/{rel}","templated":true}]}}