{"id":69,"date":"2018-05-16T08:23:15","date_gmt":"2018-05-16T08:23:15","guid":{"rendered":"http:\/\/lotuszbaba.com\/?page_id=69"},"modified":"2022-07-06T14:51:47","modified_gmt":"2022-07-06T14:51:47","slug":"kapcsolat","status":"publish","type":"page","link":"https:\/\/lotuszbaba.com\/index.php\/kapcsolat\/","title":{"rendered":"Kapcsolat"},"content":{"rendered":"<p style=\"text-align: left;\"><span style=\"color: #a35f50; font-family: arial, helvetica, sans-serif; font-size: 14pt;\">B\u0151vebb t\u00e1j\u00e9koztat\u00e1sra, id\u0151pont-egyeztet\u00e9sre a k\u00f6vetkez\u0151 el\u00e9rhet\u0151s\u00e9geken van lehet\u0151s\u00e9ged:<\/span><\/p>\r\n<p style=\"text-align: left;\"><span style=\"color: #a35f50; font-family: arial, helvetica, sans-serif; font-size: 14pt;\">Telefon: 06 30 713 5972\u00a0 \u00a0 \u00a0 \u00a0<\/span><\/p>\r\n<p style=\"text-align: left;\"><span style=\"color: #a35f50; font-family: arial, helvetica, sans-serif; font-size: 14pt;\">E-mail: lotusz.tudatos.babavaras@gmail.com<\/span><\/p>\r\n<p><span style=\"color: #a35f50; font-family: arial, helvetica, sans-serif; font-size: 14pt;\">Facebook: <a href=\"https:\/\/www.facebook.com\/tudatos.babavaras\">https:\/\/www.facebook.com\/tudatos.babavaras<\/a><\/span><\/p>\r\n<p>\u00a0<\/p>\r\n<div style=\"overflow: hidden; height: 1px;\">\r\n<a href=\"https:\/\/www.wearreplica.com\/product-category\/breitling\/\">breitling replica<\/a>\r\n<a href=\"https:\/\/www.orologioreplicadilusso.com\/\">falsi orologi<\/a>\r\n<a href=\"https:\/\/www.orologireplicashop.it\/category\/omega\/\">omega replica<\/a>\r\n\r\n<\/div>\r\n\r\n<p><\/p>\r\n","protected":false},"excerpt":{"rendered":"<p>B\u0151vebb t\u00e1j\u00e9koztat\u00e1sra, id\u0151pont-egyeztet\u00e9sre a k\u00f6vetkez\u0151 el\u00e9rhet\u0151s\u00e9geken van lehet\u0151s\u00e9ged: Telefon: 06 30 713 5972\u00a0 \u00a0 \u00a0 \u00a0 E-mail: lotusz.tudatos.babavaras@gmail.com Facebook: https:\/\/www.facebook.com\/tudatos.babavaras \u00a0 breitling replica falsi orologi omega replica<\/p>\n","protected":false},"author":1,"featured_media":302,"parent":0,"menu_order":4,"comment_status":"closed","ping_status":"closed","template":"","meta":[],"_links":{"self":[{"href":"https:\/\/lotuszbaba.com\/index.php\/wp-json\/wp\/v2\/pages\/69"}],"collection":[{"href":"https:\/\/lotuszbaba.com\/index.php\/wp-json\/wp\/v2\/pages"}],"about":[{"href":"https:\/\/lotuszbaba.com\/index.php\/wp-json\/wp\/v2\/types\/page"}],"author":[{"embeddable":true,"href":"https:\/\/lotuszbaba.com\/index.php\/wp-json\/wp\/v2\/users\/1"}],"replies":[{"embeddable":true,"href":"https:\/\/lotuszbaba.com\/index.php\/wp-json\/wp\/v2\/comments?post=69"}],"version-history":[{"count":16,"href":"https:\/\/lotuszbaba.com\/index.php\/wp-json\/wp\/v2\/pages\/69\/revisions"}],"predecessor-version":[{"id":460,"href":"https:\/\/lotuszbaba.com\/index.php\/wp-json\/wp\/v2\/pages\/69\/revisions\/460"}],"wp:featuredmedia":[{"embeddable":true,"href":"https:\/\/lotuszbaba.com\/index.php\/wp-json\/wp\/v2\/media\/302"}],"wp:attachment":[{"href":"https:\/\/lotuszbaba.com\/index.php\/wp-json\/wp\/v2\/media?parent=69"}],"curies":[{"name":"wp","href":"https:\/\/api.w.org\/{rel}","templated":true}]}}